{"id":151,"date":"2024-07-18T20:17:37","date_gmt":"2024-07-18T18:17:37","guid":{"rendered":"https:\/\/citypc.fr\/?page_id=151"},"modified":"2024-07-18T20:30:32","modified_gmt":"2024-07-18T18:30:32","slug":"infogerance","status":"publish","type":"page","link":"https:\/\/citypc.fr\/index.php\/infogerance\/","title":{"rendered":"Infogerance"},"content":{"rendered":"<p>[et_pb_section fb_built=\u00a0\u00bb1&Prime; custom_padding_last_edited=\u00a0\u00bboff|desktop\u00a0\u00bb admin_label=\u00a0\u00bbHeader\u00a0\u00bb _builder_version=\u00a0\u00bb4.16&Prime; _module_preset=\u00a0\u00bbdefault\u00a0\u00bb use_background_color_gradient=\u00a0\u00bbon\u00a0\u00bb background_color_gradient_direction=\u00a0\u00bb40deg\u00a0\u00bb background_color_gradient_stops=\u00a0\u00bb#ffffff 30%|rgba(237,68,33,0.85) 30%\u00a0\u00bb background_color_gradient_overlays_image=\u00a0\u00bbon\u00a0\u00bb background_color_gradient_start=\u00a0\u00bb#ffffff\u00a0\u00bb background_color_gradient_start_position=\u00a0\u00bb30%\u00a0\u00bb background_color_gradient_end=\u00a0\u00bbrgba(237,68,33,0.85)\u00a0\u00bb background_color_gradient_end_position=\u00a0\u00bb30%\u00a0\u00bb background_image=\u00a0\u00bbhttps:\/\/citypc.fr\/wp-content\/uploads\/2024\/07\/security-services-004.jpg\u00a0\u00bb custom_padding=\u00a0\u00bb5vw||5vw||true|false\u00a0\u00bb custom_padding_tablet=\u00a0\u00bb80px||80px||true|false\u00a0\u00bb custom_padding_phone=\u00a0\u00bb40px||40px||true|false\u00a0\u00bb global_colors_info=\u00a0\u00bb{}\u00a0\u00bb][et_pb_row _builder_version=\u00a0\u00bb4.27.0&Prime; _module_preset=\u00a0\u00bbdefault\u00a0\u00bb][et_pb_column _builder_version=\u00a0\u00bb4.27.0&Prime; _module_preset=\u00a0\u00bbdefault\u00a0\u00bb type=\u00a0\u00bb4_4&Prime;][et_pb_text _builder_version=\u00a0\u00bb4.27.0&Prime; _module_preset=\u00a0\u00bb32021f09-dd67-47fb-8f9a-832b72a38baf\u00a0\u00bb header_2_font=\u00a0\u00bbMichroma||||||||\u00a0\u00bb header_2_text_color=\u00a0\u00bb#000724&Prime; header_2_font_size=\u00a0\u00bb40px\u00a0\u00bb header_2_line_height=\u00a0\u00bb1.35em\u00a0\u00bb custom_margin=\u00a0\u00bb||5px||false|false\u00a0\u00bb hover_enabled=\u00a0\u00bb0&Prime; header_2_font_size_tablet=\u00a0\u00bb32px\u00a0\u00bb header_2_font_size_phone=\u00a0\u00bb20px\u00a0\u00bb header_2_font_size_last_edited=\u00a0\u00bbon|tablet\u00a0\u00bb locked=\u00a0\u00bboff\u00a0\u00bb global_colors_info=\u00a0\u00bb{}\u00a0\u00bb sticky_enabled=\u00a0\u00bb0&Prime; animation_style=\u00a0\u00bbslide\u00a0\u00bb animation_direction=\u00a0\u00bbleft\u00a0\u00bb]<\/p>\n<h2 style=\"text-align: center;\"><span style=\"color: #ffffff;\">Infog\u00e9rance &amp; Maintenance<\/span><\/h2>\n<p>[\/et_pb_text][\/et_pb_column][\/et_pb_row][\/et_pb_section][et_pb_section fb_built=\u00a0\u00bb1&Prime; admin_label=\u00a0\u00bbAbout\u00a0\u00bb _builder_version=\u00a0\u00bb4.16&Prime; _module_preset=\u00a0\u00bbdefault\u00a0\u00bb background_color=\u00a0\u00bbRGBA(0,0,0,0)\u00a0\u00bb custom_margin=\u00a0\u00bb-2px|||||\u00a0\u00bb global_colors_info=\u00a0\u00bb{}\u00a0\u00bb][et_pb_row column_structure=\u00a0\u00bb1_2,1_2&Prime; _builder_version=\u00a0\u00bb4.16&Prime; _module_preset=\u00a0\u00bbdefault\u00a0\u00bb custom_padding=\u00a0\u00bb9px|||||\u00a0\u00bb global_colors_info=\u00a0\u00bb{}\u00a0\u00bb][et_pb_column type=\u00a0\u00bb1_2&Prime; _builder_version=\u00a0\u00bb4.16&Prime; _module_preset=\u00a0\u00bbdefault\u00a0\u00bb global_colors_info=\u00a0\u00bb{}\u00a0\u00bb][et_pb_text _builder_version=\u00a0\u00bb4.27.0&Prime; _module_preset=\u00a0\u00bb32021f09-dd67-47fb-8f9a-832b72a38baf\u00a0\u00bb header_2_font=\u00a0\u00bbMichroma||||||||\u00a0\u00bb header_2_text_color=\u00a0\u00bb#000724&Prime; header_2_font_size=\u00a0\u00bb40px\u00a0\u00bb header_2_line_height=\u00a0\u00bb1.35em\u00a0\u00bb custom_margin=\u00a0\u00bb||5px||false|false\u00a0\u00bb header_2_font_size_tablet=\u00a0\u00bb32px\u00a0\u00bb header_2_font_size_phone=\u00a0\u00bb20px\u00a0\u00bb header_2_font_size_last_edited=\u00a0\u00bbon|tablet\u00a0\u00bb locked=\u00a0\u00bboff\u00a0\u00bb global_colors_info=\u00a0\u00bb{}\u00a0\u00bb]<\/p>\n<h2>Infog\u00e9rance Maintenance<\/h2>\n<p>[\/et_pb_text][et_pb_text _builder_version=\u00a0\u00bb4.27.0&Prime; _module_preset=\u00a0\u00bb16a54059-cc81-4572-9c70-eda6a6c419bf\u00a0\u00bb text_font_size=\u00a0\u00bb16px\u00a0\u00bb text_line_height=\u00a0\u00bb1.8em\u00a0\u00bb custom_margin=\u00a0\u00bb||-12px|||\u00a0\u00bb text_font_size_tablet=\u00a0\u00bb15px\u00a0\u00bb text_font_size_phone=\u00a0\u00bb14px\u00a0\u00bb text_font_size_last_edited=\u00a0\u00bbon|phone\u00a0\u00bb header_font_size_tablet=\u00a0\u00bb55px\u00a0\u00bb header_font_size_last_edited=\u00a0\u00bboff|desktop\u00a0\u00bb locked=\u00a0\u00bboff\u00a0\u00bb global_colors_info=\u00a0\u00bb{}\u00a0\u00bb]<\/p>\n<ul>\n<li>\n<p><strong>Maintenance informatique professionnelle pour entreprises.<\/strong> Profitez de notre expertise en maintenance informatique pour assurer la continuit\u00e9 de vos op\u00e9rations.<\/p>\n<\/li>\n<li>\n<p><strong>Services d&rsquo;infog\u00e9rance informatique adapt\u00e9s \u00e0 vos besoins.<\/strong> Nos solutions d&rsquo;infog\u00e9rance informatique sont personnalis\u00e9es pour r\u00e9pondre sp\u00e9cifiquement \u00e0 vos besoins.<\/p>\n<\/li>\n<li>\n<p><strong>Optimisez la performance de votre r\u00e9seau avec notre maintenance informatique.<\/strong> Am\u00e9liorez la performance de votre r\u00e9seau gr\u00e2ce \u00e0 notre service de maintenance informatique professionnel.<\/p>\n<\/li>\n<li>\n<p><strong>Infog\u00e9rance informatique compl\u00e8te pour PME et grandes entreprises.<\/strong> Nous offrons des services d&rsquo;infog\u00e9rance informatique complets pour les PME et les grandes entreprises.<\/p>\n<\/li>\n<li>\n<p><strong>Support informatique : maintenance et infog\u00e9rance.<\/strong> B\u00e9n\u00e9ficiez d&rsquo;un support informatique pour toutes vos besoins de maintenance et d&rsquo;infog\u00e9rance.<\/p>\n<\/li>\n<\/ul>\n<p>[\/et_pb_text][\/et_pb_column][et_pb_column type=\u00a0\u00bb1_2&Prime; _builder_version=\u00a0\u00bb4.16&Prime; _module_preset=\u00a0\u00bbdefault\u00a0\u00bb global_colors_info=\u00a0\u00bb{}\u00a0\u00bb][et_pb_image src=\u00a0\u00bbhttps:\/\/citypc.fr\/wp-content\/uploads\/2024\/07\/0-3b8cea24-7321-4e08-9226-dccff0441e2c-512&#215;512.jpg\u00a0\u00bb title_text=\u00a0\u00bb0-3b8cea24-7321-4e08-9226-dccff0441e2c-512&#215;512&Prime; _builder_version=\u00a0\u00bb4.27.0&Prime; _module_preset=\u00a0\u00bbdefault\u00a0\u00bb animation_style=\u00a0\u00bbslide\u00a0\u00bb border_radii=\u00a0\u00bbon|3px|3px|3px|3px\u00a0\u00bb box_shadow_style=\u00a0\u00bbpreset2&Prime; global_colors_info=\u00a0\u00bb{}\u00a0\u00bb][\/et_pb_image][\/et_pb_column][\/et_pb_row][et_pb_row column_structure=\u00a0\u00bb1_2,1_2&Prime; _builder_version=\u00a0\u00bb4.27.0&Prime; _module_preset=\u00a0\u00bbdefault\u00a0\u00bb custom_margin=\u00a0\u00bb-40px|auto||auto||\u00a0\u00bb global_colors_info=\u00a0\u00bb{}\u00a0\u00bb][et_pb_column type=\u00a0\u00bb1_2&Prime; _builder_version=\u00a0\u00bb4.27.0&Prime; _module_preset=\u00a0\u00bbdefault\u00a0\u00bb global_colors_info=\u00a0\u00bb{}\u00a0\u00bb][et_pb_text _builder_version=\u00a0\u00bb4.27.0&Prime; _module_preset=\u00a0\u00bbdefault\u00a0\u00bb global_colors_info=\u00a0\u00bb{}\u00a0\u00bb]<\/p>\n<ul>\n<li style=\"text-align: justify;\"><strong>Solutions de maintenance informatique pour une infrastructure fiable.<\/strong> Assurez la fiabilit\u00e9 de votre infrastructure avec nos solutions de maintenance informatique.<\/li>\n<li style=\"text-align: justify;\"><strong>Externalisez votre infog\u00e9rance informatique avec nos experts.<\/strong> Confiez votre infog\u00e9rance informatique \u00e0 nos experts pour une gestion efficace et s\u00e9curis\u00e9e.<\/li>\n<li style=\"text-align: justify;\"><strong>Maintenance proactive pour \u00e9viter les pannes informatiques.<\/strong> Pr\u00e9voyez et \u00e9vitez les pannes avec notre service de maintenance proactive.<\/li>\n<li style=\"text-align: justify;\"><strong>Infog\u00e9rance sur mesure pour optimiser vos ressources IT.<\/strong> Optimisez l&rsquo;utilisation de vos ressources IT avec notre service d&rsquo;infog\u00e9rance sur mesure.<\/li>\n<li style=\"text-align: justify;\"><strong>Service de maintenance informatique pour un syst\u00e8me toujours op\u00e9rationnel.<\/strong> Gardez votre syst\u00e8me informatique op\u00e9rationnel en tout temps gr\u00e2ce \u00e0 notre maintenance.<\/li>\n<li style=\"text-align: justify;\"><strong>Infog\u00e9rance informatique : s\u00e9curit\u00e9 et performance assur\u00e9es.<\/strong> Garantissez la s\u00e9curit\u00e9 et la performance de vos syst\u00e8mes avec notre infog\u00e9rance informatique.<\/li>\n<li style=\"text-align: justify;\"><strong>Maintenance de serveurs et r\u00e9seaux informatiques pour entreprises.<\/strong> Nous offrons la maintenance de vos serveurs et r\u00e9seaux pour assurer leur bon fonctionnement.<\/li>\n<li style=\"text-align: justify;\"><strong>Infog\u00e9rance IT : gestion compl\u00e8te de votre parc informatique.<\/strong> Notre infog\u00e9rance IT vous offre une gestion compl\u00e8te de votre parc informatique.<\/li>\n<li style=\"text-align: justify;\"><strong>R\u00e9duisez les temps d&rsquo;arr\u00eat avec notre service de maintenance informatique.<\/strong> R\u00e9duisez les interruptions de service gr\u00e2ce \u00e0 notre maintenance informatique rapide et efficace.<\/li>\n<li style=\"text-align: justify;\"><strong>Infog\u00e9rance informatique pour une gestion simplifi\u00e9e de vos syst\u00e8mes.<\/strong> Simplifiez la gestion de vos syst\u00e8mes avec nos solutions d&rsquo;infog\u00e9rance informatique.<\/li>\n<li style=\"text-align: justify;\"><strong>Maintenance informatique pr\u00e9ventive et corrective pour entreprises.<\/strong> B\u00e9n\u00e9ficiez d&rsquo;une maintenance informatique pr\u00e9ventive et corrective adapt\u00e9e \u00e0 vos besoins.<\/li>\n<li style=\"text-align: justify;\"><strong>Infog\u00e9rance : monitoring et gestion de votre infrastructure IT.<\/strong> Surveillez et g\u00e9rez votre infrastructure IT avec notre service d&rsquo;infog\u00e9rance.<\/li>\n<li style=\"text-align: justify;\"><strong>Services de maintenance informatique pour une continuit\u00e9 d&rsquo;activit\u00e9.<\/strong> Assurez la continuit\u00e9 de votre activit\u00e9 gr\u00e2ce \u00e0 nos services de maintenance informatique.<\/li>\n<li style=\"text-align: justify;\"><strong>Infog\u00e9rance informatique : des solutions adapt\u00e9es \u00e0 vos d\u00e9fis technologiques.<\/strong> Nos solutions d&rsquo;infog\u00e9rance informatique sont con\u00e7ues pour r\u00e9pondre \u00e0 vos d\u00e9fis technologiques.<\/li>\n<li style=\"text-align: justify;\"><strong>Maintenance et support informatique : gardez votre entreprise en marche.<\/strong> Maintenez votre entreprise en fonctionnement gr\u00e2ce \u00e0 notre maintenance et support informatique.<\/li>\n<li style=\"text-align: justify;\"><strong>Infog\u00e9rance pour une gestion optimis\u00e9e de vos \u00e9quipements informatiques.<\/strong> Optimisez la gestion de vos \u00e9quipements avec notre service d&rsquo;infog\u00e9rance.<\/li>\n<li style=\"text-align: justify;\"><strong>Maintenance informatique : surveillance proactive de votre syst\u00e8me.<\/strong> Assurez une surveillance proactive de votre syst\u00e8me gr\u00e2ce \u00e0 notre maintenance informatique.<\/li>\n<li style=\"text-align: justify;\"><strong>Infog\u00e9rance informatique : expertise et r\u00e9activit\u00e9 \u00e0 votre service.<\/strong> B\u00e9n\u00e9ficiez de notre expertise et de notre r\u00e9activit\u00e9 pour vos besoins d&rsquo;infog\u00e9rance informatique.<\/li>\n<\/ul>\n<p>[\/et_pb_text][\/et_pb_column][et_pb_column type=\u00a0\u00bb1_2&Prime; _builder_version=\u00a0\u00bb4.27.0&Prime; _module_preset=\u00a0\u00bbdefault\u00a0\u00bb global_colors_info=\u00a0\u00bb{}\u00a0\u00bb][et_pb_text _builder_version=\u00a0\u00bb4.27.0&Prime; _module_preset=\u00a0\u00bbdefault\u00a0\u00bb global_colors_info=\u00a0\u00bb{}\u00a0\u00bb]<\/p>\n<ul>\n<li>\n<p style=\"text-align: justify;\"><strong>Maintenance de parc informatique : maximisez votre temps de fonctionnement.<\/strong> Maximisez votre temps de fonctionnement avec notre service de maintenance de parc informatique.<\/p>\n<\/li>\n<li style=\"text-align: justify;\"><strong>Infog\u00e9rance personnalis\u00e9e : solutions IT adapt\u00e9es \u00e0 votre entreprise.<\/strong> Nos solutions IT d&rsquo;infog\u00e9rance sont adapt\u00e9es sp\u00e9cifiquement \u00e0 votre entreprise.<\/li>\n<li style=\"text-align: justify;\"><strong>Maintenance proactive : \u00e9vitez les interruptions gr\u00e2ce \u00e0 nos services IT.<\/strong> Pr\u00e9venez les interruptions de service avec notre maintenance proactive.<\/li>\n<li style=\"text-align: justify;\"><strong>Infog\u00e9rance IT pour une performance r\u00e9seau optimale.<\/strong> Assurez une performance r\u00e9seau optimale avec notre service d&rsquo;infog\u00e9rance IT.<\/li>\n<li style=\"text-align: justify;\"><strong>Service de maintenance informatique rapide et efficace.<\/strong> Profitez de notre service de maintenance informatique pour des interventions rapides et efficaces.<\/li>\n<li style=\"text-align: justify;\"><strong>Infog\u00e9rance informatique : surveillance continue de vos syst\u00e8mes.<\/strong> Assurez une surveillance continue de vos syst\u00e8mes informatiques avec notre infog\u00e9rance.<\/li>\n<li style=\"text-align: justify;\"><strong>Maintenance informatique de qualit\u00e9 pour assurer la continuit\u00e9 de votre activit\u00e9.<\/strong> Assurez la continuit\u00e9 de votre activit\u00e9 gr\u00e2ce \u00e0 notre maintenance informatique de qualit\u00e9.<\/li>\n<li style=\"text-align: justify;\"><strong>Infog\u00e9rance pour une gestion simplifi\u00e9e de votre infrastructure informatique.<\/strong> Simplifiez la gestion de votre infrastructure informatique avec notre infog\u00e9rance.<\/li>\n<li>\n<p style=\"text-align: justify;\"><strong>Maintenance et infog\u00e9rance IT : votre solution pour une entreprise performante.<\/strong> Optez pour notre maintenance et infog\u00e9rance IT pour une entreprise performante et s\u00e9curis\u00e9e.<\/p>\n<\/li>\n<li style=\"text-align: justify;\"><strong>Service de maintenance informatique pour une infrastructure toujours op\u00e9rationnelle.<\/strong> Assurez la disponibilit\u00e9 continue de votre infrastructure gr\u00e2ce \u00e0 notre maintenance informatique.<\/li>\n<li style=\"text-align: justify;\"><strong>Infog\u00e9rance compl\u00e8te pour une gestion simplifi\u00e9e de votre parc IT.<\/strong> Simplifiez la gestion de votre parc IT avec notre service d&rsquo;infog\u00e9rance compl\u00e8te.<\/li>\n<li style=\"text-align: justify;\"><strong>Maintenance informatique personnalis\u00e9e pour r\u00e9pondre \u00e0 vos besoins.<\/strong> Nos services de maintenance informatique sont personnalis\u00e9s pour r\u00e9pondre \u00e0 vos exigences sp\u00e9cifiques.<\/li>\n<li style=\"text-align: justify;\"><strong>Infog\u00e9rance et maintenance IT : prot\u00e9gez vos donn\u00e9es et vos syst\u00e8mes.<\/strong> Prot\u00e9gez vos donn\u00e9es et vos syst\u00e8mes avec notre service d&rsquo;infog\u00e9rance et de maintenance IT.<\/li>\n<li style=\"text-align: justify;\"><strong>Service de maintenance informatique pour une entreprise sans soucis techniques.<\/strong> \u00c9vitez les soucis techniques gr\u00e2ce \u00e0 notre service de maintenance informatique.<\/li>\n<li style=\"text-align: justify;\"><strong>Infog\u00e9rance informatique : expertise, s\u00e9curit\u00e9 et performance.<\/strong> B\u00e9n\u00e9ficiez de notre expertise pour assurer la s\u00e9curit\u00e9 et la performance de vos syst\u00e8mes informatiques.<\/li>\n<li style=\"text-align: justify;\"><strong>Solutions de maintenance pour garantir la fiabilit\u00e9 de votre IT.<\/strong> Garantissez la fiabilit\u00e9 de votre infrastructure IT avec nos solutions de maintenance.<\/li>\n<li style=\"text-align: justify;\"><strong>Infog\u00e9rance de r\u00e9seau : performance et s\u00e9curit\u00e9 renforc\u00e9es.<\/strong> Am\u00e9liorez la performance et la s\u00e9curit\u00e9 de votre r\u00e9seau avec notre infog\u00e9rance.<\/li>\n<li style=\"text-align: justify;\"><\/li>\n<\/ul>\n<p>[\/et_pb_text][\/et_pb_column][\/et_pb_row][\/et_pb_section]<\/p>\n","protected":false},"excerpt":{"rendered":"<p>Infog\u00e9rance &amp; MaintenanceInfog\u00e9rance Maintenance Maintenance informatique professionnelle pour entreprises. Profitez de notre expertise en maintenance informatique pour assurer la continuit\u00e9 de vos op\u00e9rations. Services d&rsquo;infog\u00e9rance informatique adapt\u00e9s \u00e0 vos besoins. Nos solutions d&rsquo;infog\u00e9rance informatique sont personnalis\u00e9es pour r\u00e9pondre sp\u00e9cifiquement \u00e0 vos besoins. Optimisez la performance de votre r\u00e9seau avec notre maintenance informatique. Am\u00e9liorez la performance [&hellip;]<\/p>\n","protected":false},"author":1,"featured_media":0,"parent":0,"menu_order":0,"comment_status":"closed","ping_status":"closed","template":"","meta":{"_et_pb_use_builder":"on","_et_pb_old_content":"","_et_gb_content_width":"","footnotes":""},"class_list":["post-151","page","type-page","status-publish","hentry"],"_links":{"self":[{"href":"https:\/\/citypc.fr\/index.php\/wp-json\/wp\/v2\/pages\/151","targetHints":{"allow":["GET"]}}],"collection":[{"href":"https:\/\/citypc.fr\/index.php\/wp-json\/wp\/v2\/pages"}],"about":[{"href":"https:\/\/citypc.fr\/index.php\/wp-json\/wp\/v2\/types\/page"}],"author":[{"embeddable":true,"href":"https:\/\/citypc.fr\/index.php\/wp-json\/wp\/v2\/users\/1"}],"replies":[{"embeddable":true,"href":"https:\/\/citypc.fr\/index.php\/wp-json\/wp\/v2\/comments?post=151"}],"version-history":[{"count":13,"href":"https:\/\/citypc.fr\/index.php\/wp-json\/wp\/v2\/pages\/151\/revisions"}],"predecessor-version":[{"id":172,"href":"https:\/\/citypc.fr\/index.php\/wp-json\/wp\/v2\/pages\/151\/revisions\/172"}],"wp:attachment":[{"href":"https:\/\/citypc.fr\/index.php\/wp-json\/wp\/v2\/media?parent=151"}],"curies":[{"name":"wp","href":"https:\/\/api.w.org\/{rel}","templated":true}]}}